{"id":15,"date":"2022-10-01T17:31:51","date_gmt":"2022-10-01T15:31:51","guid":{"rendered":"http:\/\/clg-aimecesaire-ulis.fr\/?page_id=15"},"modified":"2023-12-16T14:05:07","modified_gmt":"2023-12-16T13:05:07","slug":"le-fse","status":"publish","type":"page","link":"https:\/\/clg-aimecesaire-ulis.fr\/?page_id=15","title":{"rendered":"Le FSE"},"content":{"rendered":"<figure class=\"wp-block-image aligncenter size-large is-resized\"><img loading=\"lazy\" decoding=\"async\" width=\"1024\" height=\"377\" src=\"https:\/\/clg-aimecesaire-ulis.fr\/wp-content\/uploads\/2023\/12\/image-1-1024x377.png\" alt=\"\" class=\"wp-image-1035\" style=\"width:369px;height:auto\" srcset=\"https:\/\/clg-aimecesaire-ulis.fr\/wp-content\/uploads\/2023\/12\/image-1-1024x377.png 1024w, https:\/\/clg-aimecesaire-ulis.fr\/wp-content\/uploads\/2023\/12\/image-1-300x110.png 300w, https:\/\/clg-aimecesaire-ulis.fr\/wp-content\/uploads\/2023\/12\/image-1-768x283.png 768w, https:\/\/clg-aimecesaire-ulis.fr\/wp-content\/uploads\/2023\/12\/image-1-1536x565.png 1536w, https:\/\/clg-aimecesaire-ulis.fr\/wp-content\/uploads\/2023\/12\/image-1-2048x754.png 2048w, https:\/\/clg-aimecesaire-ulis.fr\/wp-content\/uploads\/2023\/12\/image-1-1530x563.png 1530w\" sizes=\"auto, (max-width: 1024px) 100vw, 1024px\" \/><\/figure>\n<p style=\"text-align: justify;\"><strong>Qu\u2019est-ce que Le FSE du coll\u00e8ge\u00a0?<\/strong><\/p>\n<p style=\"text-align: justify;\">Le<strong>\u00a0Foyer Socio-\u00e9ducatif (F.S.E)<\/strong>\u00a0joue un r\u00f4le essentiel dans la vie de notre \u00e9tablissement. R\u00e9gie par la\u00a0<strong>loi de 1901<\/strong>\u00a0et administr\u00e9e par des enseignants du coll\u00e8ge, cette\u00a0<strong>association<\/strong>\u00a0permet aux \u00e9l\u00e8ves de participer \u00e0 diverses\u00a0<strong>activit\u00e9s p\u00e9riscolaires\u00a0<\/strong>et soutient diff\u00e9rents\u00a0<strong>projets<\/strong>, ce qui contribue \u00e0 l\u2019\u00e9panouissement personnel de l\u2019\u00e9l\u00e8ve et le conduit \u00e0 d\u00e9velopper son sens des responsabilit\u00e9s. L\u2019action du F.S.E. s\u2019inscrit pleinement dans le projet d\u2019<strong>\u00e9ducation \u00e0 la citoyennet\u00e9<\/strong>.<\/p>\n<p style=\"text-align: justify;\">Par leur&nbsp;<strong>cotisation<\/strong>&nbsp;en d\u00e9but d\u2019ann\u00e9e, les familles nous aident \u00e0 diversifier nos activit\u00e9s.<\/p>\n<p style=\"text-align: justify;\">Rejoignez-nous et devenez membre du FSE.<\/p>\n<p style=\"text-align: justify;\"><strong>Voir le document ici\u00a0!<\/strong><\/p>\n<div data-wp-interactive=\"core\/file\" class=\"wp-block-file\"><object data-wp-bind--hidden=\"!state.hasPdfPreview\" hidden class=\"wp-block-file__embed\" data=\"https:\/\/clg-aimecesaire-ulis.fr\/wp-content\/uploads\/2023\/12\/ADHESION-FSE.pdf-2_page-0001.pdf\" type=\"application\/pdf\" style=\"width:100%;height:600px\" aria-label=\"Contenu embarqu\u00e9 ADHESION-FSE.pdf-2_page-0001.\"><\/object><a id=\"wp-block-file--media-b17e7bcd-c5e3-4532-a491-2b0d9e54e07e\" href=\"https:\/\/clg-aimecesaire-ulis.fr\/wp-content\/uploads\/2023\/12\/ADHESION-FSE.pdf-2_page-0001.pdf\">ADHESION-FSE.pdf-2_page-0001<\/a><a href=\"https:\/\/clg-aimecesaire-ulis.fr\/wp-content\/uploads\/2023\/12\/ADHESION-FSE.pdf-2_page-0001.pdf\" class=\"wp-block-file__button wp-element-button\" download aria-describedby=\"wp-block-file--media-b17e7bcd-c5e3-4532-a491-2b0d9e54e07e\">T\u00e9l\u00e9charger<\/a><\/div>\n<p class=\"has-text-align-center\"><strong><span style=\"text-decoration: underline;\">Membres du bureau<\/span><\/strong><\/p>\n<p class=\"has-text-align-center\"> <strong>Pr\u00e9sidente<\/strong>\u00a0: Mme BLANC     <strong>Tr\u00e9sori\u00e8re\u00a0<\/strong>: Mme RAS      <strong>Secr\u00e9taire<\/strong>\u00a0: Mme Chiron<\/p>\n","protected":false},"excerpt":{"rendered":"<p>Qu\u2019est-ce que Le FSE du coll\u00e8ge\u00a0? Le\u00a0Foyer Socio-\u00e9ducatif (F.S.E)\u00a0joue un r\u00f4le essentiel dans la vie de notre \u00e9tablissement. R\u00e9gie par [&hellip;]<\/p>\n","protected":false},"author":1,"featured_media":1035,"parent":0,"menu_order":0,"comment_status":"closed","ping_status":"closed","template":"","meta":{"cybocfi_hide_featured_image":"yes","footnotes":""},"class_list":["post-15","page","type-page","status-publish","has-post-thumbnail","hentry"],"_links":{"self":[{"href":"https:\/\/clg-aimecesaire-ulis.fr\/index.php?rest_route=\/wp\/v2\/pages\/15","targetHints":{"allow":["GET"]}}],"collection":[{"href":"https:\/\/clg-aimecesaire-ulis.fr\/index.php?rest_route=\/wp\/v2\/pages"}],"about":[{"href":"https:\/\/clg-aimecesaire-ulis.fr\/index.php?rest_route=\/wp\/v2\/types\/page"}],"author":[{"embeddable":true,"href":"https:\/\/clg-aimecesaire-ulis.fr\/index.php?rest_route=\/wp\/v2\/users\/1"}],"replies":[{"embeddable":true,"href":"https:\/\/clg-aimecesaire-ulis.fr\/index.php?rest_route=%2Fwp%2Fv2%2Fcomments&post=15"}],"version-history":[{"count":4,"href":"https:\/\/clg-aimecesaire-ulis.fr\/index.php?rest_route=\/wp\/v2\/pages\/15\/revisions"}],"predecessor-version":[{"id":1038,"href":"https:\/\/clg-aimecesaire-ulis.fr\/index.php?rest_route=\/wp\/v2\/pages\/15\/revisions\/1038"}],"wp:featuredmedia":[{"embeddable":true,"href":"https:\/\/clg-aimecesaire-ulis.fr\/index.php?rest_route=\/wp\/v2\/media\/1035"}],"wp:attachment":[{"href":"https:\/\/clg-aimecesaire-ulis.fr\/index.php?rest_route=%2Fwp%2Fv2%2Fmedia&parent=15"}],"curies":[{"name":"wp","href":"https:\/\/api.w.org\/{rel}","templated":true}]}}