{"id":779,"date":"2023-03-02T19:05:34","date_gmt":"2023-03-02T18:05:34","guid":{"rendered":"https:\/\/clg-aimecesaire-ulis.fr\/?page_id=779"},"modified":"2025-05-04T10:20:01","modified_gmt":"2025-05-04T08:20:01","slug":"les-ambassadeurs-culture","status":"publish","type":"page","link":"https:\/\/clg-aimecesaire-ulis.fr\/?page_id=779","title":{"rendered":"Les ambassadeurs culture"},"content":{"rendered":"<p style=\"text-align: justify;\"><strong>Les ambassadeurs culture du Coll\u00e8ge Aim\u00e9 C\u00e9saire \u2013 Les Ulis<\/strong><\/p>\n<p style=\"text-align: justify;\">Au Coll\u00e8ge Aim\u00e9 C\u00e9saire, les ambassadeurs culture sont des \u00e9l\u00e8ves volontaires qui s&rsquo;engagent \u00e0 dynamiser la vie culturelle de l&rsquo;\u00e9tablissement. Leur mission consiste \u00e0 promouvoir l&rsquo;acc\u00e8s \u00e0 la culture pour tous en relayant les informations sur les sorties, les spectacles, les expositions et les projets artistiques. Ils peuvent \u00e9galement proposer des id\u00e9es, organiser des \u00e9v\u00e9nements ou animer des ateliers. <\/p>\n<p style=\"text-align: justify;\">En lien avec les enseignants et les partenaires culturels, ils contribuent \u00e0 faire du coll\u00e8ge un lieu d&rsquo;ouverture, de curiosit\u00e9 et de partage.<\/p>\n","protected":false},"excerpt":{"rendered":"<p>Les ambassadeurs culture du Coll\u00e8ge Aim\u00e9 C\u00e9saire \u2013 Les Ulis Au Coll\u00e8ge Aim\u00e9 C\u00e9saire, les ambassadeurs culture sont des \u00e9l\u00e8ves [&hellip;]<\/p>\n","protected":false},"author":1,"featured_media":0,"parent":0,"menu_order":0,"comment_status":"closed","ping_status":"closed","template":"","meta":{"cybocfi_hide_featured_image":"","footnotes":""},"class_list":["post-779","page","type-page","status-publish","hentry"],"_links":{"self":[{"href":"https:\/\/clg-aimecesaire-ulis.fr\/index.php?rest_route=\/wp\/v2\/pages\/779","targetHints":{"allow":["GET"]}}],"collection":[{"href":"https:\/\/clg-aimecesaire-ulis.fr\/index.php?rest_route=\/wp\/v2\/pages"}],"about":[{"href":"https:\/\/clg-aimecesaire-ulis.fr\/index.php?rest_route=\/wp\/v2\/types\/page"}],"author":[{"embeddable":true,"href":"https:\/\/clg-aimecesaire-ulis.fr\/index.php?rest_route=\/wp\/v2\/users\/1"}],"replies":[{"embeddable":true,"href":"https:\/\/clg-aimecesaire-ulis.fr\/index.php?rest_route=%2Fwp%2Fv2%2Fcomments&post=779"}],"version-history":[{"count":3,"href":"https:\/\/clg-aimecesaire-ulis.fr\/index.php?rest_route=\/wp\/v2\/pages\/779\/revisions"}],"predecessor-version":[{"id":1599,"href":"https:\/\/clg-aimecesaire-ulis.fr\/index.php?rest_route=\/wp\/v2\/pages\/779\/revisions\/1599"}],"wp:attachment":[{"href":"https:\/\/clg-aimecesaire-ulis.fr\/index.php?rest_route=%2Fwp%2Fv2%2Fmedia&parent=779"}],"curies":[{"name":"wp","href":"https:\/\/api.w.org\/{rel}","templated":true}]}}