{"id":784,"date":"2023-03-02T19:08:24","date_gmt":"2023-03-02T18:08:24","guid":{"rendered":"https:\/\/clg-aimecesaire-ulis.fr\/?page_id=784"},"modified":"2025-05-04T11:03:46","modified_gmt":"2025-05-04T09:03:46","slug":"les-ambassadeurs-egalite-filles-garcons","status":"publish","type":"page","link":"https:\/\/clg-aimecesaire-ulis.fr\/?page_id=784","title":{"rendered":"Les ambassadeurs \u00e9galit\u00e9 filles\/gar\u00e7ons"},"content":{"rendered":"<div class=\"wp-block-columns is-layout-flex wp-container-core-columns-is-layout-28f84493 wp-block-columns-is-layout-flex\">\n<div class=\"wp-block-column is-layout-flow wp-block-column-is-layout-flow\" style=\"flex-basis:80%\">\n<p style=\"text-align: justify;\">Les ambassadeurs \u00e9galit\u00e9 filles-gar\u00e7ons du Coll\u00e8ge Aim\u00e9 C\u00e9saire \u2013 Les Ulis<\/p>\n<\/div>\n<div class=\"wp-block-column is-layout-flow wp-block-column-is-layout-flow\" style=\"flex-basis:33.33%\">\n<div class=\"wp-block-columns is-layout-flex wp-container-core-columns-is-layout-28f84493 wp-block-columns-is-layout-flex\">\n<div class=\"wp-block-column is-layout-flow wp-block-column-is-layout-flow\" style=\"flex-basis:66.66%\">\n<figure class=\"wp-block-image alignright size-full is-resized\"><img loading=\"lazy\" decoding=\"async\" width=\"470\" height=\"470\" src=\"https:\/\/clg-aimecesaire-ulis.fr\/wp-content\/uploads\/2025\/05\/OIP.jpg\" alt=\"\" class=\"wp-image-1600\" style=\"width:125px;height:auto\" srcset=\"https:\/\/clg-aimecesaire-ulis.fr\/wp-content\/uploads\/2025\/05\/OIP.jpg 470w, https:\/\/clg-aimecesaire-ulis.fr\/wp-content\/uploads\/2025\/05\/OIP-300x300.jpg 300w, https:\/\/clg-aimecesaire-ulis.fr\/wp-content\/uploads\/2025\/05\/OIP-150x150.jpg 150w\" sizes=\"auto, (max-width: 470px) 100vw, 470px\" \/><\/figure>\n<\/div>\n<\/div>\n<\/div>\n<\/div>\n<p style=\"text-align: justify;\">Au Coll\u00e8ge Aim\u00e9 C\u00e9saire, les ambassadeurs \u00e9galit\u00e9 filles-gar\u00e7ons sont des \u00e9l\u00e8ves volontaires qui s&rsquo;engagent \u00e0 promouvoir l&rsquo;\u00e9galit\u00e9 entre les sexes et \u00e0 lutter contre les st\u00e9r\u00e9otypes de genre. Leur mission consiste \u00e0 sensibiliser leurs camarades aux enjeux de l&rsquo;\u00e9galit\u00e9, \u00e0 organiser des actions \u00e9ducatives et \u00e0 favoriser un climat scolaire respectueux et inclusif.<\/p>\n<p style=\"text-align: justify;\">Encadr\u00e9s par l&rsquo;\u00e9quipe \u00e9ducative, ces ambassadeurs peuvent :<\/p>\n<ul class=\"wp-block-list\">\n<li><strong>Animer des ateliers ou des d\u00e9bats<\/strong> sur les questions d&rsquo;\u00e9galit\u00e9.<\/li>\n<li><strong>Participer \u00e0 des campagnes de sensibilisation<\/strong>, notamment lors de la Semaine de l&rsquo;\u00e9galit\u00e9.<\/li>\n<li><strong>Collaborer avec des associations locales<\/strong> pour d\u00e9velopper des projets autour de la mixit\u00e9 et du respect mutuel.<\/li>\n<\/ul>\n<p style=\"text-align: justify;\">Ce dispositif s&rsquo;inscrit dans le cadre des politiques \u00e9ducatives nationales visant \u00e0 transmettre une culture de l&rsquo;\u00e9galit\u00e9 et du respect d\u00e8s le plus jeune \u00e2ge.<\/p>\n","protected":false},"excerpt":{"rendered":"<p>Les ambassadeurs \u00e9galit\u00e9 filles-gar\u00e7ons du Coll\u00e8ge Aim\u00e9 C\u00e9saire \u2013 Les Ulis Au Coll\u00e8ge Aim\u00e9 C\u00e9saire, les ambassadeurs \u00e9galit\u00e9 filles-gar\u00e7ons sont [&hellip;]<\/p>\n","protected":false},"author":1,"featured_media":1600,"parent":0,"menu_order":0,"comment_status":"closed","ping_status":"closed","template":"","meta":{"cybocfi_hide_featured_image":"yes","footnotes":""},"class_list":["post-784","page","type-page","status-publish","has-post-thumbnail","hentry"],"_links":{"self":[{"href":"https:\/\/clg-aimecesaire-ulis.fr\/index.php?rest_route=\/wp\/v2\/pages\/784","targetHints":{"allow":["GET"]}}],"collection":[{"href":"https:\/\/clg-aimecesaire-ulis.fr\/index.php?rest_route=\/wp\/v2\/pages"}],"about":[{"href":"https:\/\/clg-aimecesaire-ulis.fr\/index.php?rest_route=\/wp\/v2\/types\/page"}],"author":[{"embeddable":true,"href":"https:\/\/clg-aimecesaire-ulis.fr\/index.php?rest_route=\/wp\/v2\/users\/1"}],"replies":[{"embeddable":true,"href":"https:\/\/clg-aimecesaire-ulis.fr\/index.php?rest_route=%2Fwp%2Fv2%2Fcomments&post=784"}],"version-history":[{"count":7,"href":"https:\/\/clg-aimecesaire-ulis.fr\/index.php?rest_route=\/wp\/v2\/pages\/784\/revisions"}],"predecessor-version":[{"id":1606,"href":"https:\/\/clg-aimecesaire-ulis.fr\/index.php?rest_route=\/wp\/v2\/pages\/784\/revisions\/1606"}],"wp:featuredmedia":[{"embeddable":true,"href":"https:\/\/clg-aimecesaire-ulis.fr\/index.php?rest_route=\/wp\/v2\/media\/1600"}],"wp:attachment":[{"href":"https:\/\/clg-aimecesaire-ulis.fr\/index.php?rest_route=%2Fwp%2Fv2%2Fmedia&parent=784"}],"curies":[{"name":"wp","href":"https:\/\/api.w.org\/{rel}","templated":true}]}}